{"id":1064,"date":"2013-03-15T17:56:11","date_gmt":"2013-03-15T22:56:11","guid":{"rendered":"https:\/\/wptest.io\/demo\/?page_id=1064"},"modified":"2025-03-06T21:31:19","modified_gmt":"2025-03-06T21:31:19","slug":"home","status":"publish","type":"page","link":"https:\/\/humanitariangrandchallenge.org\/fr\/","title":{"rendered":"Page d&rsquo;accueil"},"content":{"rendered":"<section id=\"block-block_5c8000e3c7d2c\" class=\" block-content bg-default\">\n\n\t<div class=\"row\">\n\n\t\t<div class=\"small-12 columns\">\n\n\t\t\t\n\t\t\t\n\t\t<\/div>\n\n\t\t\n\t\t\t\n\t\t\n\t<\/div>\n\n<\/section>\n\n\n\n\n\n\n<section id=\"block-block_5c487d39751f2\" class=\" block-call-to-action\">\n    <div class=\"row\">\n\n        <div class=\"small-12 columns\">\n\n            \n            <h4>\n                Cr\u00e9er l\u2019espoir dans les zones en conflit : un Grand D\u00e9fi humanitaire est un partenariat conclu entre le Foreign, Commonwealth &amp; Development Office du Royaume-Uni (FCDO) et Affaires mondiales Canada, avec le soutien de Grands D\u00e9fis Canada.            <\/h4>\n\n            <div class=\"call-to-action\">\n                <a target=\"_blank\" href=\"https:\/\/humanitariangrandchallenge.org\/fr\/about\/\" title=\"En savoir plus\" class=\"button\">En savoir plus<\/a>\n            <\/div>\n        <\/div>\n    <\/div>\n\n<\/section>\n\n\n<section id=\"block-block_5c3e2c300f4f5\" class=\" bg-default content-right block-two-column\" style=\"background-image: url('https:\/\/i0.wp.com\/humanitariangrandchallenge.org\/fr\/wp-content\/uploads\/sites\/3\/2020\/11\/8-wecompress.com_.png?resize=1677%2C645&#038;ssl=1');\">\n\n\t\n\t<div class=\"row\">\n\n\t\t<div class=\"small-12 medium-6 medium-offset-6 columns\">\n\n\t\t\t<h2>Le probl\u00e8me<\/h2>\n<p>Aujourd\u2019hui, plus de 168 millions de personnes dans le monde vivent dans des r\u00e9gions o\u00f9 persiste une crise humanitaire.<\/p>\n<p>Par le fait m\u00eame, des millions de personnes ne peuvent recevoir de l\u2019aide humanitaire par les moyens traditionnels en raison de conflits arm\u00e9s. Alors que la dur\u00e9e, la fr\u00e9quence et l\u2019ampleur des conflits dans le monde ne cessent d\u2019augmenter, il devient de plus en plus difficile de rejoindre les personnes touch\u00e9es dans les zones peu s\u00fbres afin de leur apporter une aide humanitaire visant \u00e0 sauver et \u00e0 am\u00e9liorer des vies. Nous avons besoin de nouvelles solutions qui r\u00e9pondent aux besoins des communaut\u00e9s vuln\u00e9rables et inaccessibles \u2013 or, moins d\u2019un pour cent de l\u2019aide humanitaire est consacr\u00e9e aux innovations n\u00e9cessaires pour les rejoindre.<\/p>\n\n\t\t<\/div>\n\n\t\t\n\t<\/div>\n\n<\/section>\n\n\n<section id=\"block-block_5c3e2db1b576d\" class=\" bg-default content-left block-two-column\" style=\"background-image: url('https:\/\/i0.wp.com\/humanitariangrandchallenge.org\/fr\/wp-content\/uploads\/sites\/3\/2020\/11\/5-wecompress.com_.png?resize=1677%2C645&#038;ssl=1');\">\n\n\t\n\t<div class=\"row\">\n\n\t\t<div class=\"small-12 medium-6  columns\">\n\n\t\t\t<h2>La solution<\/h2>\n<p>Le Foreign, Commonwealth &amp; Development Office du Royaume-Uni (FCDO) et Affaires mondiales Canada, avec le soutien de Grands D\u00e9fis Canada, s&rsquo;associent dans le cadre de l&rsquo;initiative Cr\u00e9er l&rsquo;espoir dans les zones en conflit : un Grand D\u00e9fi humanitaire.<\/p>\n<p>Dans le cadre de ce Grand D\u00e9fi, nous cernerons et soutiendrons des solutions novatrices qui engagent le secteur priv\u00e9 et s&rsquo;inspirent des exp\u00e9riences des communaut\u00e9s touch\u00e9es afin d&rsquo;am\u00e9liorer consid\u00e9rablement &#8211; et dans de nombreux cas, de sauver &#8211; la vie des personnes vuln\u00e9rables touch\u00e9es par les conflits. Notre objectif est de trouver des solutions qui permettent aux communaut\u00e9s de r\u00e9agir plus rapidement aux situations d&rsquo;urgence complexes et de prendre des mesures pour am\u00e9liorer leur existence.<\/p>\n\n\t\t<\/div>\n\n\t\t\n\t<\/div>\n\n<\/section>\n\n\n<section id=\"block-block_5c93e36570e95\" class=\" block-content bg-grey\">\n\n\t<div class=\"row\">\n\n\t\t<div class=\"small-12 columns\">\n\n\t\t\t\n\t\t\t<ul class=\"small-block-grid-1 medium-block-grid-3\">\n<li class=\"stat-block\">\n\t\t<span class=\"icon fa fa-lightbulb-o\" aria-hidden=\"true\"><\/span><br \/>\n\t\t<span class=\"count\">25<\/span>\n<h5>innovations financ\u00e9<\/h5>\n<\/li>\n<li class=\"stat-block\">\n\t\t<span class=\"icon fa fa-globe\" aria-hidden=\"true\"><\/span><br \/>\n\t\t<span class=\"count\">23<\/span>\n<h5>pays de mise en \u0153vre<\/h5>\n<\/li>\n<li class=\"stat-block\">\n\t\t<span class=\"icon fa fa-handshake-o\" aria-hidden=\"true\"><\/span><br \/>\n\t\t<span class=\"count\">$21.3<\/span>\n<h5>million investi<\/h5>\n<\/li>\n<\/ul>\n\n\t\t<\/div>\n\n\t\t\n\t\t\t\n\t\t\n\t<\/div>\n\n<\/section>\n\n\n<section id=\"block-block_5c3e3f3f002ef\" class=\"featured-innovators \">\n\n\t\t\t\t<div class=\"row\">\n\t\t\t\t<div class=\"small-12 columns\">\n\n\t\t\t\t\t<h3>Nos innovateurs en vedette<\/h3>\n\n\t\t\t\t\t<ul class=\"small-block-grid-1 medium-block-grid-3\">\n\n\t\t\t\t\t\t\t\t\t\t\t\t\t<li>\n\t\t\t\t\t\t\t\t<!-- Innovator grid result component !-->\n\t\t\t\t\t\t\t\t<div class=\"innovator-grid-item\"><a href=\"https:\/\/humanitariangrandchallenge.org\/fr\/innovations\/maggot-therapy\/\" title=\"Asticot-th\u00e9rapie\">\t<img decoding=\"async\" src=\"https:\/\/i0.wp.com\/humanitariangrandchallenge.org\/fr\/wp-content\/uploads\/sites\/3\/2019\/02\/Maggot_therapy.jpg?resize=370%2C220&amp;ssl=1\" class=\"attachment-innovators-grid size-innovators-grid wp-post-image\" alt=\"\" srcset=\"https:\/\/i0.wp.com\/humanitariangrandchallenge.org\/fr\/wp-content\/uploads\/sites\/3\/2019\/02\/Maggot_therapy.jpg?resize=370%2C220&amp;ssl=1 370w, https:\/\/i0.wp.com\/humanitariangrandchallenge.org\/fr\/wp-content\/uploads\/sites\/3\/2019\/02\/Maggot_therapy.jpg?resize=752%2C440&amp;ssl=1 752w, https:\/\/i0.wp.com\/humanitariangrandchallenge.org\/fr\/wp-content\/uploads\/sites\/3\/2019\/02\/Maggot_therapy.jpg?resize=370%2C220&amp;ssl=1 3000w, \" \/>\n<div class=\"title-container\">\n\t<h4>Asticot-th\u00e9rapie<\/h4>\n<\/div>\n\n<div class=\"post-excerpt\">\n\t<p>MedMagLabs, cr\u00e9\u00e9 par une \u00e9quipe de l\u2019Universit\u00e9 Griffith, travaille sur des solutions innovantes qui permettront de fournir des soins de plaies au moyen d\u2019asticots aux communaut\u00e9s touch\u00e9es par les conflits et \u00e0 divers autres milieux de soins de sant\u00e9 menac\u00e9s.<\/p>\n<\/div>\n\n<ul class=\"innovation-meta\">\n\n\t<li>\n\t\t<span>Pays d&#039;\u00e9tablissements:<\/span> Australie\t<\/li>\n\n\t<li>\n\t\t<span>Pays de mise en \u0153uvre :<\/span> \t<\/li>\n\n\t<li>\n\t\t<span>Secteur:<\/span> Sant\u00e9\t<\/li>\n\n\t<li>\n\t\t<span>\u00c9tape de financement:<\/span> D\u00e9monstration de principe\t<\/li>\n\n<\/ul>\n<\/a><\/div>\t\t\t\t\t\t\t<\/li>\n\t\t\t\t\t\t\t\t\t\t\t\t\t<li>\n\t\t\t\t\t\t\t\t<!-- Innovator grid result component !-->\n\t\t\t\t\t\t\t\t<div class=\"innovator-grid-item\"><a href=\"https:\/\/humanitariangrandchallenge.org\/fr\/innovations\/iristick\/\" title=\"Lunettes de t\u00e9l\u00e9m\u00e9decine d\u2019Iristick\">\t<img decoding=\"async\" src=\"https:\/\/i0.wp.com\/humanitariangrandchallenge.org\/fr\/wp-content\/uploads\/sites\/3\/2019\/02\/IMG_1884.jpg?resize=370%2C220&amp;ssl=1\" class=\"attachment-innovators-grid size-innovators-grid wp-post-image\" alt=\"\" srcset=\"https:\/\/i0.wp.com\/humanitariangrandchallenge.org\/fr\/wp-content\/uploads\/sites\/3\/2019\/02\/IMG_1884.jpg?resize=370%2C220&amp;ssl=1 370w, https:\/\/i0.wp.com\/humanitariangrandchallenge.org\/fr\/wp-content\/uploads\/sites\/3\/2019\/02\/IMG_1884.jpg?resize=752%2C440&amp;ssl=1 752w, https:\/\/i0.wp.com\/humanitariangrandchallenge.org\/fr\/wp-content\/uploads\/sites\/3\/2019\/02\/IMG_1884.jpg?resize=370%2C220&amp;ssl=1 3000w, \" \/>\n<div class=\"title-container\">\n\t<h4>Lunettes de t\u00e9l\u00e9m\u00e9decine d\u2019Iristick<\/h4>\n<\/div>\n\n<div class=\"post-excerpt\">\n\t<p>Les lunettes intelligentes d\u2019Iristick utilisent la portabilit\u00e9 optique et la solution de sant\u00e9 \u00e9lectronique de la t\u00e9l\u00e9m\u00e9decine pour relier le personnel m\u00e9dical \u00e0 distance \u00e0 l\u2019expertise m\u00e9dicale mondiale. Les lunettes intelligentes mettent en temps r\u00e9el la vue et l\u2019ou\u00efe des travailleurs de la sant\u00e9 dans les r\u00e9gions \u00e9loign\u00e9es et les zones de conflit \u00e0 la disposition des experts m\u00e9dicaux qui peuvent aider au diagnostic, apporter une exp\u00e9rience pratique ou guider par leurs connaissances.<\/p>\n<\/div>\n\n<ul class=\"innovation-meta\">\n\n\t<li>\n\t\t<span>Pays d&#039;\u00e9tablissements:<\/span> Belgique\t<\/li>\n\n\t<li>\n\t\t<span>Pays de mise en \u0153uvre :<\/span> R\u00e9publique d\u00e9mocratique du Congo\t<\/li>\n\n\t<li>\n\t\t<span>Secteur:<\/span> L\u2019information pour sauver des vies, Sant\u00e9\t<\/li>\n\n\t<li>\n\t\t<span>\u00c9tape de financement:<\/span> D\u00e9monstration de principe\t<\/li>\n\n<\/ul>\n<\/a><\/div>\t\t\t\t\t\t\t<\/li>\n\t\t\t\t\t\t\t\t\t\t\t\t\t<li>\n\t\t\t\t\t\t\t\t<!-- Innovator grid result component !-->\n\t\t\t\t\t\t\t\t<div class=\"innovator-grid-item\"><a href=\"https:\/\/humanitariangrandchallenge.org\/fr\/innovations\/mobility-for-all\/\" title=\"Proth\u00e8ses en impression 3D pour les r\u00e9fugi\u00e9s\">\t<img decoding=\"async\" src=\"https:\/\/i0.wp.com\/humanitariangrandchallenge.org\/fr\/wp-content\/uploads\/sites\/3\/2019\/02\/CCBRT.jpg?resize=370%2C220&amp;ssl=1\" class=\"attachment-innovators-grid size-innovators-grid wp-post-image\" alt=\"\" srcset=\"https:\/\/i0.wp.com\/humanitariangrandchallenge.org\/fr\/wp-content\/uploads\/sites\/3\/2019\/02\/CCBRT.jpg?resize=370%2C220&amp;ssl=1 370w, https:\/\/i0.wp.com\/humanitariangrandchallenge.org\/fr\/wp-content\/uploads\/sites\/3\/2019\/02\/CCBRT.jpg?resize=752%2C440&amp;ssl=1 752w, https:\/\/i0.wp.com\/humanitariangrandchallenge.org\/fr\/wp-content\/uploads\/sites\/3\/2019\/02\/CCBRT.jpg?resize=370%2C220&amp;ssl=1 3000w, \" \/>\n<div class=\"title-container\">\n\t<h4>Proth\u00e8ses en impression 3D pour les r\u00e9fugi\u00e9s<\/h4>\n<\/div>\n\n<div class=\"post-excerpt\">\n\t<p>Comprehensive Community Based Rehabilitation In Tanzania (CCBRT) utilise la technologie d\u2019impression en 3D pour fabriquer des proth\u00e8ses de haute qualit\u00e9 pour la partie inf\u00e9rieure du corps pour les personnes handicap\u00e9es dans les camps de Kigoma et les communaut\u00e9s d\u2019accueil.<\/p>\n<\/div>\n\n<ul class=\"innovation-meta\">\n\n\t<li>\n\t\t<span>Pays d&#039;\u00e9tablissements:<\/span> Tanzanie\t<\/li>\n\n\t<li>\n\t\t<span>Pays de mise en \u0153uvre :<\/span> Tanzanie\t<\/li>\n\n\t<li>\n\t\t<span>Secteur:<\/span> Sant\u00e9\t<\/li>\n\n\t<li>\n\t\t<span>\u00c9tape de financement:<\/span> D\u00e9monstration de principe\t<\/li>\n\n<\/ul>\n<\/a><\/div>\t\t\t\t\t\t\t<\/li>\n\t\t\t\t\t\t\n\t\t\t\t\t<\/ul>\n\n\t\t\t\t\t<div class=\"call-to-action\">\n\t\t\t\t\t\t<a href=\"\" class=\"button\">\n\t\t\t\t\t\t\tParcourir nos innovations\t\t\t\t\t\t<\/a>\n\t\t\t\t\t<\/div>\n\n\t\t\t\t<\/div>\n\t\t\t<\/div>\n\t\t\t\n<\/section>\n\n\n<section id=\"block-block_5c3dff739d8e3\" class=\" block-content bg-default\">\n\n\t<div class=\"row\">\n\n\t\t<div class=\"small-12 columns\">\n\n\t\t\t\n\t\t\t<h2 style=\"text-align: center;\">Et maintenant?<\/h2>\n<p>Le troisi\u00e8me appel \u00e0 propositions est maintenant clos! Merci \u00e0 tous ceux qui ont postul\u00e9. Notre \u00e9quipe a commenc\u00e9 \u00e0 examiner les candidatures.<\/p>\n<p>Visitez la section <a href=\"https:\/\/humanitariangrandchallenge.org\/blog\/\"><strong>Nouvelles et blogues<\/strong><\/a> pour obtenir des renseignements sur notre processus d&rsquo;examen des candidatures.<\/p>\n\n\t\t<\/div>\n\n\t\t\n\t\t\t\n\t\t\n\t<\/div>\n\n<\/section>\n\n\n<section id=\"block-block_5c3e461d5a668\" class=\" block-news\">\n\n\t\n\t<div class=\"row\" data-equalizer>\n\n\t\t\t\t<div class=\"small-12 columns\">\n\n\t\t\t<h3>Mises \u00e0 jour r\u00e9centes<\/h3>\n\n\t\t<\/div>\n\t\t\n\t\t<div class=\"small-12 medium-6 columns\" data-equalizer-watch>\n\n\t\t\t<h4>Notre blogue<\/h4>\n\n\t\t\t\t\t\t<ul class=\"small-block-grid-1 large-block-grid-2\">\n\n\t\t\t\t\t\t\t\t<li>\n\t\t\t\t\t<!-- Posts grid result component !-->\n\t\t\t\t\t<div class=\"posts-grid-item\">\n\t<a href=\"https:\/\/humanitariangrandchallenge.org\/fr\/sam-photo-diagnosis-app\/\" title=\"Une nouvelle application utilise une photo pour diagnostiquer automatiquement la malnutrition chez les enfants\">\n\n\t\t<div class=\"post-thumbnail\">\n\n\t\t\t\t\t\t\t<img decoding=\"async\" src=\"https:\/\/i0.wp.com\/humanitariangrandchallenge.org\/fr\/wp-content\/uploads\/sites\/3\/2019\/02\/Screen-Shot-2019-09-20-at-11.13.35-AM.png?resize=370%2C220&amp;ssl=1\" class=\"attachment-posts-grid size-posts-grid wp-post-image\" alt=\"\" \/>\t\t\t\n\t\t\t\t\t\t\t<span>Blogue<\/span>\n\t\t\t\n\t\t<\/div>\n\n\n\t\t<div class=\"inner-content\">\n\n\t\t\t<h5>Une nouvelle application utilise une photo pour diagnostiquer automatiquement la malnutrition chez les enfants<\/h5>\n\n\t\t\t<div class=\"post-meta\">\n\t\t\t\t16 octobre 2019\t\t\t<\/div>\n\n\t\t\t<p>Plus de 201 millions de personnes dans le monde sont confront\u00e9es \u00e0 des crises humanitaires. Beaucoup d&rsquo;entre elles souffrent d&rsquo;ins\u00e9curit\u00e9 alimentaire et vivent souvent dans des r\u00e9gions du monde touch\u00e9es par des conflits.<\/p>\n\n\t\t<\/div>\n\n\t\t<div class=\"post-categories\">\n\t\t\t<a href=\"https:\/\/humanitariangrandchallenge.org\/fr\/blogue\/?categories=217\" rel=\"category tag\">Diagnostique<\/a>, <a href=\"https:\/\/humanitariangrandchallenge.org\/fr\/blogue\/?categories=218\" rel=\"category tag\">Enfants<\/a>, <a href=\"https:\/\/humanitariangrandchallenge.org\/fr\/blogue\/?categories=215\" rel=\"category tag\">Sant\u00e9<\/a>, <a href=\"https:\/\/humanitariangrandchallenge.org\/fr\/blogue\/?categories=216\" rel=\"category tag\">Technologie<\/a>\t\t<\/div>\n\t<\/a>\n<\/div>\n\t\t\t\t<\/li>\n\t\t\t\t\t\t\t\t<li>\n\t\t\t\t\t<!-- Posts grid result component !-->\n\t\t\t\t\t<div class=\"posts-grid-item\">\n\t<a href=\"https:\/\/humanitariangrandchallenge.org\/fr\/creer-lespoir-dans-les-situations-de-conflit-un-grand-defi-humanitaire-rencontrez-les-innovateurs-qui-soutiennent-les-communautes-touchees-par-les-conflits-dans-le-monde-entier\/\" title=\"Cr\u00e9er l&rsquo;espoir dans les situations de conflit : un Grand D\u00e9fi humanitaire &#8211; Rencontrez les innovateurs qui soutiennent les communaut\u00e9s touch\u00e9es par les conflits dans le monde entier\">\n\n\t\t<div class=\"post-thumbnail\">\n\n\t\t\t\t\t\t\t<img decoding=\"async\" src=\"https:\/\/i0.wp.com\/humanitariangrandchallenge.org\/fr\/wp-content\/uploads\/sites\/3\/2024\/11\/CHIC-blog.png?resize=370%2C220&amp;ssl=1\" class=\"attachment-posts-grid size-posts-grid wp-post-image\" alt=\"\" \/>\t\t\t\n\t\t\t\n\t\t<\/div>\n\n\n\t\t<div class=\"inner-content\">\n\n\t\t\t<h5>Cr\u00e9er l&rsquo;espoir dans les situations de conflit : un Grand D\u00e9fi humanitaire &#8211; Rencontrez les innovateurs qui soutiennent les communaut\u00e9s touch\u00e9es par les conflits dans le monde entier<\/h5>\n\n\t\t\t<div class=\"post-meta\">\n\t\t\t\t27 novembre 2024\t\t\t<\/div>\n\n\t\t\t\n\t\t<\/div>\n\n\t\t<div class=\"post-categories\">\n\t\t\t<a href=\"https:\/\/humanitariangrandchallenge.org\/fr\/blogue\/?categories=1\" rel=\"category tag\">Uncategorized<\/a>\t\t<\/div>\n\t<\/a>\n<\/div>\n\t\t\t\t<\/li>\n\t\t\t\t\t\t\t\t<li>\n\t\t\t\t\t<!-- Posts grid result component !-->\n\t\t\t\t\t<div class=\"posts-grid-item\">\n\t<a href=\"https:\/\/humanitariangrandchallenge.org\/fr\/journee-mondiale-de-laide-humanitaire-transformer-la-reponse-aux-crises-par-des-innovations-audacieuses\/\" title=\"Journ\u00e9e mondiale de l\u2019aide humanitaire\u00a0: transformer la r\u00e9ponse aux crises par des innovations audacieuses\">\n\n\t\t<div class=\"post-thumbnail\">\n\n\t\t\t\t\t\t\t<img loading=\"lazy\" decoding=\"async\" width=\"370\" height=\"220\" src=\"https:\/\/i0.wp.com\/humanitariangrandchallenge.org\/fr\/wp-content\/uploads\/sites\/3\/2019\/02\/HGC_spacer_ltgrey.png?resize=370%2C220&amp;ssl=1\" class=\"attachment-posts-grid size-posts-grid\" alt=\"Humanitarian Grand Challenge\" \/>\t\t\t\n\t\t\t\n\t\t<\/div>\n\n\n\t\t<div class=\"inner-content\">\n\n\t\t\t<h5>Journ\u00e9e mondiale de l\u2019aide humanitaire\u00a0: transformer la r\u00e9ponse aux crises par des innovations audacieuses<\/h5>\n\n\t\t\t<div class=\"post-meta\">\n\t\t\t\t19 ao\u00fbt 2024\t\t\t<\/div>\n\n\t\t\t\n\t\t<\/div>\n\n\t\t<div class=\"post-categories\">\n\t\t\t<a href=\"https:\/\/humanitariangrandchallenge.org\/fr\/blogue\/?categories=1\" rel=\"category tag\">Uncategorized<\/a>\t\t<\/div>\n\t<\/a>\n<\/div>\n\t\t\t\t<\/li>\n\t\t\t\t\t\t\t\t<li>\n\t\t\t\t\t<!-- Posts grid result component !-->\n\t\t\t\t\t<div class=\"posts-grid-item\">\n\t<a href=\"https:\/\/humanitariangrandchallenge.org\/fr\/le-canada-se-joint-aux-etats-unis-au-royaume-uni-et-aux-pays-bas-pour-soutenir-12-nouveaux-projets-humanitaires-dans-les-zones-de-conflit-les-plus-difficiles-au-monde\/\" title=\"Le Canada se joint aux \u00c9tats-Unis, au Royaume-Uni et aux Pays-Bas pour soutenir 12 nouveaux projets humanitaires dans les zones de conflit les plus difficiles au monde.\">\n\n\t\t<div class=\"post-thumbnail\">\n\n\t\t\t\t\t\t\t<img decoding=\"async\" src=\"https:\/\/i0.wp.com\/humanitariangrandchallenge.org\/fr\/wp-content\/uploads\/sites\/3\/2021\/11\/4.png?resize=370%2C220&amp;ssl=1\" class=\"attachment-posts-grid size-posts-grid wp-post-image\" alt=\"\" \/>\t\t\t\n\t\t\t\t\t\t\t<span>Nouvelles<\/span>\n\t\t\t\n\t\t<\/div>\n\n\n\t\t<div class=\"inner-content\">\n\n\t\t\t<h5>Le Canada se joint aux \u00c9tats-Unis, au Royaume-Uni et aux Pays-Bas pour soutenir 12 nouveaux projets humanitaires dans les zones de conflit les plus difficiles au monde.<\/h5>\n\n\t\t\t<div class=\"post-meta\">\n\t\t\t\t9 novembre 2021\t\t\t<\/div>\n\n\t\t\t<p>Les partenaires du Grand D\u00e9fi humanitaire ont r\u00e9cemment annonc\u00e9 de nouveaux fonds de 3,6\u00a0millions de dollars canadiens visant \u00e0 appuyer 12\u00a0innovations humanitaires r\u00e9volutionnaires suppl\u00e9mentaires afin d\u2019am\u00e9liorer la prestation de fournitures et de services humanitaires essentiels au Y\u00e9men, en Syrie, au Soudan du Sud, en Nigeria, ainsi qu\u2019en R\u00e9publique d\u00e9mocratique du Congo.<\/p>\n\n\t\t<\/div>\n\n\t\t<div class=\"post-categories\">\n\t\t\t<a href=\"https:\/\/humanitariangrandchallenge.org\/fr\/blogue\/?categories=214\" rel=\"category tag\">Communiqu\u00e9<\/a>\t\t<\/div>\n\t<\/a>\n<\/div>\n\t\t\t\t<\/li>\n\t\t\t\t\t\t\t\t<li>\n\t\t\t\t\t<!-- Posts grid result component !-->\n\t\t\t\t\t<div class=\"posts-grid-item\">\n\t<a href=\"https:\/\/humanitariangrandchallenge.org\/fr\/vous-avez-soumis-votre-idee-audacieuse-quelles-sont-les-prochaines-etapes\/\" title=\"Vous avez soumis votre id\u00e9e audacieuse \u2013 Quelles sont les prochaines \u00e9tapes?\">\n\n\t\t<div class=\"post-thumbnail\">\n\n\t\t\t\t\t\t\t<img decoding=\"async\" src=\"https:\/\/i0.wp.com\/humanitariangrandchallenge.org\/fr\/wp-content\/uploads\/sites\/3\/2019\/07\/Header_Nepal_Rubble-Kashish-Das-Shrestha-for-USAID.jpg?resize=370%2C220&amp;ssl=1\" class=\"attachment-posts-grid size-posts-grid wp-post-image\" alt=\"\" \/>\t\t\t\n\t\t\t\t\t\t\t<span>Blogue<\/span>\n\t\t\t\n\t\t<\/div>\n\n\n\t\t<div class=\"inner-content\">\n\n\t\t\t<h5>Vous avez soumis votre id\u00e9e audacieuse \u2013 Quelles sont les prochaines \u00e9tapes?<\/h5>\n\n\t\t\t<div class=\"post-meta\">\n\t\t\t\t5 octobre 2020\t\t\t<\/div>\n\n\t\t\t<p>Lors de l&rsquo;\u00e9tape finale du processus de s\u00e9lection, les propositions pr\u00e9s\u00e9lectionn\u00e9es font l&rsquo;objet d&rsquo;une discussion et sont approuv\u00e9es par un comit\u00e9 de direction compos\u00e9 des partenaires du Grand D\u00e9fi humanitaire.<\/p>\n\n\t\t<\/div>\n\n\t\t<div class=\"post-categories\">\n\t\t\t<a href=\"https:\/\/humanitariangrandchallenge.org\/fr\/blogue\/?categories=221\" rel=\"category tag\">Demande de propositions<\/a>, <a href=\"https:\/\/humanitariangrandchallenge.org\/fr\/blogue\/?categories=111\" rel=\"category tag\">DFID<\/a>, <a href=\"https:\/\/humanitariangrandchallenge.org\/fr\/blogue\/?categories=222\" rel=\"category tag\">Femmes<\/a>, <a href=\"https:\/\/humanitariangrandchallenge.org\/fr\/blogue\/?categories=220\" rel=\"category tag\">Genre<\/a>, <a href=\"https:\/\/humanitariangrandchallenge.org\/fr\/blogue\/?categories=103\" rel=\"category tag\">Innovation<\/a>, <a href=\"https:\/\/humanitariangrandchallenge.org\/fr\/blogue\/?categories=113\" rel=\"category tag\">Netherlands MFA<\/a>, <a href=\"https:\/\/humanitariangrandchallenge.org\/fr\/blogue\/?categories=219\" rel=\"category tag\">R\u00e9fugi\u00e9s<\/a>, <a href=\"https:\/\/humanitariangrandchallenge.org\/fr\/blogue\/?categories=215\" rel=\"category tag\">Sant\u00e9<\/a>, <a href=\"https:\/\/humanitariangrandchallenge.org\/fr\/blogue\/?categories=216\" rel=\"category tag\">Technologie<\/a>, <a href=\"https:\/\/humanitariangrandchallenge.org\/fr\/blogue\/?categories=112\" rel=\"category tag\">USAID<\/a>\t\t<\/div>\n\t<\/a>\n<\/div>\n\t\t\t\t<\/li>\n\t\t\t\t\n\t\t\t<\/ul>\n\t\t\t\n\t\t\t<div class=\"call-to-action\">\n\t\t\t\t<a href=\"https:\/\/humanitariangrandchallenge.org\/fr\/blogue\/\" class=\"button\">Voir tous nos blogues<\/a>\n\t\t\t<\/div>\n\n\t\t<\/div>\n\n\t\t<div id=\"news-twitter-container\" class=\"small-12 medium-6 columns\" data-equalizer-watch>\n\n\t\t\t<h4>Tweets d&#039;un Grand D\u00e9fi Humanitaire<\/h4>\n\n\t\t\t\t\t\t<div id=\"twitter-timeline\">\n\t\t\t\t<a class=\"twitter-timeline\" data-height=\"550\" data-chrome=\"noheader noborders\" href=\"https:\/\/twitter.com\/HumanitarianGC?ref_src=twsrc%5Etfw\">Tweets by HumanitarianGC<\/a>\n\t\t\t\t<script async src=\"https:\/\/platform.twitter.com\/widgets.js\" charset=\"utf-8\"><\/script>\n\t\t\t<\/div>\n\t\t\t\t\t<\/div>\n\n\t<\/div>\n\n\t\n<\/section>\n","protected":false},"excerpt":{"rendered":"","protected":false},"author":3,"featured_media":2418,"parent":0,"menu_order":0,"comment_status":"open","ping_status":"open","template":"","meta":{"footnotes":""},"class_list":["post-1064","page","type-page","status-publish","has-post-thumbnail","hentry"],"yoast_head":"<!-- This site is optimized with the Yoast SEO plugin v14.1 - https:\/\/yoast.com\/wordpress\/plugins\/seo\/ -->\n<meta name=\"description\" content=\"Creating Hope in Conflict: A Humanitarian Grand Challenge is a partnership of the U.S. Agency for International Development (USAID), the U.K. Department for International Development (DFID), the Ministry of Foreign Affairs of the Netherlands, with support from Grand Challenges Canada.\" \/>\n<meta name=\"robots\" content=\"index, follow\" \/>\n<meta name=\"googlebot\" content=\"index, follow, max-snippet:-1, max-image-preview:large, max-video-preview:-1\" \/>\n<meta name=\"bingbot\" content=\"index, follow, max-snippet:-1, max-image-preview:large, max-video-preview:-1\" \/>\n<link rel=\"canonical\" href=\"https:\/\/humanitariangrandchallenge.org\/fr\/\" \/>\n<meta property=\"og:locale\" content=\"fr_FR\" \/>\n<meta property=\"og:type\" content=\"article\" \/>\n<meta property=\"og:title\" content=\"Page d&#039;accueil - Creating Hope in Conflict\" \/>\n<meta property=\"og:description\" content=\"Creating Hope in Conflict: A Humanitarian Grand Challenge is a partnership of the U.S. Agency for International Development (USAID), the U.K. Department for International Development (DFID), the Ministry of Foreign Affairs of the Netherlands, with support from Grand Challenges Canada.\" \/>\n<meta property=\"og:url\" content=\"https:\/\/humanitariangrandchallenge.org\/fr\/\" \/>\n<meta property=\"og:site_name\" content=\"Creating Hope in Conflict\" \/>\n<meta property=\"article:modified_time\" content=\"2025-03-06T21:31:19+00:00\" \/>\n<meta property=\"og:image\" content=\"https:\/\/i0.wp.com\/humanitariangrandchallenge.org\/fr\/wp-content\/uploads\/sites\/3\/2019\/10\/bg-test.jpg?fit=2000%2C328&#038;ssl=1\" \/>\n\t<meta property=\"og:image:width\" content=\"2000\" \/>\n\t<meta property=\"og:image:height\" content=\"328\" \/>\n<meta name=\"twitter:card\" content=\"summary_large_image\" \/>\n<script type=\"application\/ld+json\" class=\"yoast-schema-graph\">{\"@context\":\"https:\/\/schema.org\",\"@graph\":[{\"@type\":\"WebSite\",\"@id\":\"https:\/\/humanitariangrandchallenge.org\/fr\/#website\",\"url\":\"https:\/\/humanitariangrandchallenge.org\/fr\/\",\"name\":\"Creating Hope in Conflict\",\"description\":\"Humanitarian Grand Challenge\",\"potentialAction\":[{\"@type\":\"SearchAction\",\"target\":\"https:\/\/humanitariangrandchallenge.org\/fr\/?s={search_term_string}\",\"query-input\":\"required name=search_term_string\"}],\"inLanguage\":\"fr-FR\"},{\"@type\":\"ImageObject\",\"@id\":\"https:\/\/humanitariangrandchallenge.org\/fr\/#primaryimage\",\"inLanguage\":\"fr-FR\",\"url\":\"https:\/\/i0.wp.com\/humanitariangrandchallenge.org\/fr\/wp-content\/uploads\/sites\/3\/2019\/10\/bg-test.jpg?fit=2000%2C328&ssl=1\",\"width\":2000,\"height\":328},{\"@type\":\"WebPage\",\"@id\":\"https:\/\/humanitariangrandchallenge.org\/fr\/#webpage\",\"url\":\"https:\/\/humanitariangrandchallenge.org\/fr\/\",\"name\":\"Page d'accueil - Creating Hope in Conflict\",\"isPartOf\":{\"@id\":\"https:\/\/humanitariangrandchallenge.org\/fr\/#website\"},\"primaryImageOfPage\":{\"@id\":\"https:\/\/humanitariangrandchallenge.org\/fr\/#primaryimage\"},\"datePublished\":\"2013-03-15T22:56:11+00:00\",\"dateModified\":\"2025-03-06T21:31:19+00:00\",\"description\":\"Creating Hope in Conflict: A Humanitarian Grand Challenge is a partnership of the U.S. Agency for International Development (USAID), the U.K. Department for International Development (DFID), the Ministry of Foreign Affairs of the Netherlands, with support from Grand Challenges Canada.\",\"inLanguage\":\"fr-FR\",\"potentialAction\":[{\"@type\":\"ReadAction\",\"target\":[\"https:\/\/humanitariangrandchallenge.org\/fr\/\"]}]}]}<\/script>\n<!-- \/ Yoast SEO plugin. -->","jetpack_shortlink":"https:\/\/wp.me\/PaQLG0-ha","_links":{"self":[{"href":"https:\/\/humanitariangrandchallenge.org\/fr\/wp-json\/wp\/v2\/pages\/1064","targetHints":{"allow":["GET"]}}],"collection":[{"href":"https:\/\/humanitariangrandchallenge.org\/fr\/wp-json\/wp\/v2\/pages"}],"about":[{"href":"https:\/\/humanitariangrandchallenge.org\/fr\/wp-json\/wp\/v2\/types\/page"}],"author":[{"embeddable":true,"href":"https:\/\/humanitariangrandchallenge.org\/fr\/wp-json\/wp\/v2\/users\/3"}],"replies":[{"embeddable":true,"href":"https:\/\/humanitariangrandchallenge.org\/fr\/wp-json\/wp\/v2\/comments?post=1064"}],"version-history":[{"count":0,"href":"https:\/\/humanitariangrandchallenge.org\/fr\/wp-json\/wp\/v2\/pages\/1064\/revisions"}],"wp:featuredmedia":[{"embeddable":true,"href":"https:\/\/humanitariangrandchallenge.org\/fr\/wp-json\/wp\/v2\/media\/2418"}],"wp:attachment":[{"href":"https:\/\/humanitariangrandchallenge.org\/fr\/wp-json\/wp\/v2\/media?parent=1064"}],"curies":[{"name":"wp","href":"https:\/\/api.w.org\/{rel}","templated":true}]}}