{"id":2899,"date":"2021-02-01T20:48:39","date_gmt":"2021-02-01T20:48:39","guid":{"rendered":"https:\/\/humanitariangrandchallenge.org\/fr\/?page_id=2899"},"modified":"2021-05-25T13:38:51","modified_gmt":"2021-05-25T13:38:51","slug":"recherches-apprentisages-et-rapports","status":"publish","type":"page","link":"https:\/\/humanitariangrandchallenge.org\/fr\/recherches-apprentisages-et-rapports\/","title":{"rendered":"Recherches, apprentisages et rapports"},"content":{"rendered":"<section id=\"block-block_601849e48993f\" class=\" block-content bg-default\">\n\n\t<div class=\"row\">\n\n\t\t<div class=\"small-12 columns\">\n\n\t\t\t\n\t\t\t<p>Les publications de Cr\u00e9er l\u2019espoir dans les zones en conflits: un Grand D\u00e9fi humanitaire refl\u00e8tent nos recherches et nos rapports, ainsi que ce que nous avons appris et o\u00f9 notre programme esp\u00e8re aller \u00e0 l\u2019avenir. Notre programme vise \u00e0 contribuer et \u00e0 favoriser le changement des syst\u00e8mes au sein de l\u2019\u00e9cosyst\u00e8me humanitaire gr\u00e2ce \u00e0 l\u2019adoption par le secteur de l\u2019apprentissage et de l\u2019analyse du programme. Pour ce faire, notre programme g\u00e9n\u00e8re des publications \u00e0 partir des exp\u00e9riences, des d\u00e9fis et des succ\u00e8s des innovateurs soutenus par le Grand D\u00e9fi humanitaire. Gr\u00e2ce \u00e0 ces publications, nous fournissons des informations sur d&rsquo;importantes questions humanitaires et d&rsquo;innovation, y compris les obstacles \u00e0 la mise \u00e0 l&rsquo;\u00e9chelle, l&rsquo;acc\u00e8s humanitaire et des \u00e9tudes de cas approfondies sur les obstacles structurels au sein du syst\u00e8me humanitaire. Ces rapports, \u00e9tudes de cas et fiches d&rsquo;apprentissage peuvent \u00eatre diffus\u00e9s \u00e0 l&rsquo;ensemble de la communaut\u00e9 humanitaire pour influencer les changements de syst\u00e8mes transformateurs au sein de l&rsquo;\u00e9cosyst\u00e8me humanitaire. Les ressources fournies sur cette page peuvent \u00eatre partag\u00e9es et utilis\u00e9es librement.<\/p>\n\n\t\t<\/div>\n\n\t\t\n\t\t\t\n\t\t\n\t<\/div>\n\n<\/section>\n\n\n<section id=\"block-block_60184c9c89940\" class=\" block-content bg-default\">\n\n\t<div class=\"row\">\n\n\t\t<div class=\"small-12 columns\">\n\n\t\t\t\n\t\t\t<h2>Ressources en vedette et publications principales<\/h2>\n<p><strong><img decoding=\"async\" class=\"size-medium wp-image-2949 alignleft\" src=\"https:\/\/i0.wp.com\/humanitariangrandchallenge.org\/wp-content\/uploads\/2021\/01\/Screen-Shot-2021-01-29-at-11.02.32-AM-232x300.png?fit=300%2C300&#038;ssl=1\" alt=\"\" data-recalc-dims=\"1\" \/><\/strong><\/p>\n<p><strong>Analyse des obstacles affectant les innovations en contexte humanitaire (en Anglais)<\/strong><\/p>\n<p>Ce rapport identifie et analyse les obstacles et les d\u00e9fis qui affectent les innovations dans les contextes humanitaires. Cela inclut les d\u00e9fis contextuels et politiques qui ont historiquement bloqu\u00e9 l&rsquo;innovation et la fourniture de services dans le secteur humanitaire.<\/p>\n<p><img loading=\"lazy\" decoding=\"async\" class=\"alignleft wp-image-2127\" src=\"https:\/\/i0.wp.com\/humanitariangrandchallenge.org\/wp-content\/uploads\/2019\/02\/pdfs-512-e1551224545329.png?resize=15%2C20&#038;ssl=1\" alt=\"PDF\" width=\"15\" height=\"20\" data-recalc-dims=\"1\" \/><a href=\"https:\/\/humanitariangrandchallenge.org\/wp-content\/uploads\/2021\/01\/Analysis-of-Barriers-Affecting-Innovation-in-Humanitarian-Contexts.pdf\" target=\"_blank\" rel=\"noopener\">Rapport complet<\/a><\/p>\n<p>&nbsp;<\/p>\n<p>&nbsp;<\/p>\n<p>&nbsp;<\/p>\n<p><strong style=\"font-family: inherit; font-size: 1rem;\">Analyse descriptive de portfeuille (en Anglais)<\/strong><strong><img decoding=\"async\" class=\"size-medium wp-image-2955 alignleft\" src=\"https:\/\/i0.wp.com\/humanitariangrandchallenge.org\/wp-content\/uploads\/2021\/02\/Screen-Shot-2021-02-01-at-3.36.05-PM-225x300.png?fit=300%2C300&#038;ssl=1\" alt=\"\" data-recalc-dims=\"1\" \/><\/strong><\/p>\n<p>Ce rapport identifie et analyse le portefeuille d&rsquo;innovations humanitaires de Cr\u00e9er l\u2019espoir dans les zones en conflit : Un Grand D\u00e9fi humanitaire, afin de g\u00e9n\u00e9rer un aper\u00e7u des principales caract\u00e9ristiques descriptives du portefeuille. Il sert de point de r\u00e9flexion et de synth\u00e8se sur la nature et le type d&rsquo; investissements du Grand D\u00e9fi humanitaire dans l&rsquo;espace de l&rsquo;innovation humanitaire.<\/p>\n<p><img loading=\"lazy\" decoding=\"async\" class=\"alignleft wp-image-2127\" src=\"https:\/\/i0.wp.com\/humanitariangrandchallenge.org\/wp-content\/uploads\/2019\/02\/pdfs-512-e1551224545329.png?resize=15%2C20&#038;ssl=1\" alt=\"PDF\" width=\"15\" height=\"20\" data-recalc-dims=\"1\" \/><a href=\"https:\/\/humanitariangrandchallenge.org\/wp-content\/uploads\/2021\/01\/Analysis-of-Barriers-Affecting-Innovation-in-Humanitarian-Contexts.pdf\" target=\"_blank\" rel=\"noopener\">Rapport complet<\/a><\/p>\n<p>&nbsp;<\/p>\n<p>&nbsp;<\/p>\n<p><strong style=\"font-family: inherit; font-size: 1rem;\">Examen des subventions (en Anglais)<\/strong><strong><img decoding=\"async\" class=\"size-medium wp-image-2951 alignleft\" src=\"https:\/\/i0.wp.com\/humanitariangrandchallenge.org\/wp-content\/uploads\/2021\/01\/Screen-Shot-2021-01-29-at-11.03.26-AM-230x300.png?fit=300%2C300&#038;ssl=1\" alt=\"\" data-recalc-dims=\"1\" \/><\/strong><\/p>\n<p>Ce rapport, command\u00e9 par The Research People, \u00e9value dans quelle mesure les innovations r\u00e9compens\u00e9es par le Grand D\u00e9fi humanitaire s&rsquo;attaquent aux obstacles et aux lacunes identifi\u00e9s dans les quatre domaines th\u00e9matiques (information vitale, sant\u00e9, \u00e9nergie, eau et assainissement).<\/p>\n<p><img loading=\"lazy\" decoding=\"async\" class=\"alignleft wp-image-2127\" src=\"https:\/\/i0.wp.com\/humanitariangrandchallenge.org\/wp-content\/uploads\/2019\/02\/pdfs-512-e1551224545329.png?resize=15%2C20&#038;ssl=1\" alt=\"PDF\" width=\"15\" height=\"20\" data-recalc-dims=\"1\" \/><a href=\"https:\/\/humanitariangrandchallenge.org\/wp-content\/uploads\/2021\/01\/Analysis-of-Barriers-Affecting-Innovation-in-Humanitarian-Contexts.pdf\" target=\"_blank\" rel=\"noopener\">Rapport complet<\/a><\/p>\n<p>&nbsp;<\/p>\n<p>&nbsp;<\/p>\n\n\t\t<\/div>\n\n\t\t\n\t\t\t\n\t\t\n\t<\/div>\n\n<\/section>\n\n\n<section id=\"block-block_6018563189941\" class=\" block-content bg-default\">\n\n\t<div class=\"row\">\n\n\t\t<div class=\"small-12 columns\">\n\n\t\t\t\n\t\t\t<h2>Resources suppl\u00e9mentaires de la communaut\u00e9 ouverte<\/h2>\n<p>Des guides d&rsquo;innovation aux opportunit\u00e9s de financement de l&rsquo;innovation pertinentes et aux pr\u00e9sentations en webinaire, consultez ces <a href=\"https:\/\/sites.google.com\/view\/hgcinnovators\/resources\/resources-catalogue?authuser=0\">ressources communautaires ouvertes suppl\u00e9mentaires<\/a> *.<\/p>\n<p>* Ces ressources proviennent de sources accessibles au public. Les ressources qui apparaissent sur cette liste non-exhaustif de ressources sont disponibles ailleurs. Ils ne refl\u00e8tent pas n\u00e9cessairement <em>Cr\u00e9er l\u2019espoir dans les zones en conflit : Un Grand D\u00e9fi humanitaire<\/em> et les strat\u00e9gies ou approches du partenariat.<\/p>\n\n\t\t<\/div>\n\n\t\t\n\t\t\t\n\t\t\n\t<\/div>\n\n<\/section>\n","protected":false},"excerpt":{"rendered":"","protected":false},"author":3,"featured_media":0,"parent":0,"menu_order":0,"comment_status":"closed","ping_status":"closed","template":"","meta":{"footnotes":""},"class_list":["post-2899","page","type-page","status-publish","hentry"],"yoast_head":"<!-- This site is optimized with the Yoast SEO plugin v14.1 - https:\/\/yoast.com\/wordpress\/plugins\/seo\/ -->\n<meta name=\"robots\" content=\"index, follow\" \/>\n<meta name=\"googlebot\" content=\"index, follow, max-snippet:-1, max-image-preview:large, max-video-preview:-1\" \/>\n<meta name=\"bingbot\" content=\"index, follow, max-snippet:-1, max-image-preview:large, max-video-preview:-1\" \/>\n<link rel=\"canonical\" href=\"https:\/\/humanitariangrandchallenge.org\/fr\/recherches-apprentisages-et-rapports\/\" \/>\n<meta property=\"og:locale\" content=\"fr_FR\" \/>\n<meta property=\"og:type\" content=\"article\" \/>\n<meta property=\"og:title\" content=\"Recherches, apprentisages et rapports - Creating Hope in Conflict\" \/>\n<meta property=\"og:url\" content=\"https:\/\/humanitariangrandchallenge.org\/fr\/recherches-apprentisages-et-rapports\/\" \/>\n<meta property=\"og:site_name\" content=\"Creating Hope in Conflict\" \/>\n<meta property=\"article:modified_time\" content=\"2021-05-25T13:38:51+00:00\" \/>\n<meta name=\"twitter:card\" content=\"summary_large_image\" \/>\n<script type=\"application\/ld+json\" class=\"yoast-schema-graph\">{\"@context\":\"https:\/\/schema.org\",\"@graph\":[{\"@type\":\"WebSite\",\"@id\":\"https:\/\/humanitariangrandchallenge.org\/fr\/#website\",\"url\":\"https:\/\/humanitariangrandchallenge.org\/fr\/\",\"name\":\"Creating Hope in Conflict\",\"description\":\"Humanitarian Grand Challenge\",\"potentialAction\":[{\"@type\":\"SearchAction\",\"target\":\"https:\/\/humanitariangrandchallenge.org\/fr\/?s={search_term_string}\",\"query-input\":\"required name=search_term_string\"}],\"inLanguage\":\"fr-FR\"},{\"@type\":\"WebPage\",\"@id\":\"https:\/\/humanitariangrandchallenge.org\/fr\/recherches-apprentisages-et-rapports\/#webpage\",\"url\":\"https:\/\/humanitariangrandchallenge.org\/fr\/recherches-apprentisages-et-rapports\/\",\"name\":\"Recherches, apprentisages et rapports - Creating Hope in Conflict\",\"isPartOf\":{\"@id\":\"https:\/\/humanitariangrandchallenge.org\/fr\/#website\"},\"datePublished\":\"2021-02-01T20:48:39+00:00\",\"dateModified\":\"2021-05-25T13:38:51+00:00\",\"inLanguage\":\"fr-FR\",\"potentialAction\":[{\"@type\":\"ReadAction\",\"target\":[\"https:\/\/humanitariangrandchallenge.org\/fr\/recherches-apprentisages-et-rapports\/\"]}]}]}<\/script>\n<!-- \/ Yoast SEO plugin. -->","jetpack_shortlink":"https:\/\/wp.me\/PaQLG0-KL","_links":{"self":[{"href":"https:\/\/humanitariangrandchallenge.org\/fr\/wp-json\/wp\/v2\/pages\/2899","targetHints":{"allow":["GET"]}}],"collection":[{"href":"https:\/\/humanitariangrandchallenge.org\/fr\/wp-json\/wp\/v2\/pages"}],"about":[{"href":"https:\/\/humanitariangrandchallenge.org\/fr\/wp-json\/wp\/v2\/types\/page"}],"author":[{"embeddable":true,"href":"https:\/\/humanitariangrandchallenge.org\/fr\/wp-json\/wp\/v2\/users\/3"}],"replies":[{"embeddable":true,"href":"https:\/\/humanitariangrandchallenge.org\/fr\/wp-json\/wp\/v2\/comments?post=2899"}],"version-history":[{"count":0,"href":"https:\/\/humanitariangrandchallenge.org\/fr\/wp-json\/wp\/v2\/pages\/2899\/revisions"}],"wp:attachment":[{"href":"https:\/\/humanitariangrandchallenge.org\/fr\/wp-json\/wp\/v2\/media?parent=2899"}],"curies":[{"name":"wp","href":"https:\/\/api.w.org\/{rel}","templated":true}]}}