{"id":3002,"date":"2023-10-17T21:17:32","date_gmt":"2023-10-17T21:17:32","guid":{"rendered":"https:\/\/humanitariangrandchallenge.org\/fr\/?page_id=3002"},"modified":"2024-10-10T15:06:15","modified_gmt":"2024-10-10T15:06:15","slug":"tts","status":"publish","type":"page","link":"https:\/\/humanitariangrandchallenge.org\/fr\/tts\/","title":{"rendered":"Transition \u00c0 L\u2019\u00e9chelle"},"content":{"rendered":"<section id=\"block-block_652ef8bb75c6d\" class=\" block-content bg-default\">\n\n\t<div class=\"row\">\n\n\t\t<div class=\"small-12 columns\">\n\n\t\t\t\n\t\t\t<h3>NOUS RECHERCHONS DES INNOVATEUR\u00b7RICE\u00b7S QUE NOUS INVITONS \u00c0 PARTICIPER \u00c0 NOTRE PROGRAMME DE TRANSITION \u00c0 L\u2019\u00c9CHELLE.<\/h3>\n<h3 style=\"text-align: center;\"><strong>VOUS VOULEZ EN SAVOIR PLUS SUR TTS\u00a0?<\/strong><br \/>\n<strong>INSCRIVEZ-VOUS \u00c0 L&rsquo;UN DE NOS PROCHAINS WEBINAIRES\u00a0:<\/strong><\/h3>\n<h3 style=\"text-align: center;\"><a href=\"https:\/\/bit.ly\/ttsmars14\" target=\"_blank\" rel=\"noopener\">FRAN\u00c7AIS (14 mars \u00e0 8h00 HNE)<\/a><br \/>\n<a href=\"https:\/\/bit.ly\/ttsmarch18\" target=\"_blank\" rel=\"noopener\">ANGLAIS (18 mars \u00e0 9 h 30 HNE)<\/a><\/h3>\n<p>Les innovateur\u00b7rice\u00b7s de notre portefeuille de transition \u00e0 l\u2019\u00e9chelle soutiennent les personnes touch\u00e9es par un conflit, en particulier celles qui sont les plus difficiles \u00e0 atteindre. Le financement va de 300 000 dollars canadiens \u00e0 1 500 000 dollars canadiens sur une dur\u00e9e de 12 \u00e0 24 mois.<\/p>\n<p>Si vous avez mis en \u0153uvre une id\u00e9e audacieuse au service des communaut\u00e9s touch\u00e9es par un conflit dans des zones difficiles d\u2019acc\u00e8s et que vous avez des preuves de son efficacit\u00e9 et de sa faisabilit\u00e9, nous aimerions en entendre parler.<\/p>\n<p>DOMAINES D\u2019INTERVENTION POUR NOTRE FINANCEMENT\u00a0:<\/p>\n<ul>\n<li>Acc\u00e8s \u00e0 l\u2019\u00e9nergie<\/li>\n<li>Fournitures et services de sant\u00e9<\/li>\n<li>Informations vitales<\/li>\n<li>Eau, hygi\u00e8ne et assainissement (EHA)<\/li>\n<\/ul>\n<p>Liens Importants:<\/p>\n<ol>\n<li><a href=\"https:\/\/humanitariangrandchallenge.org\/fr\/wp-content\/uploads\/sites\/3\/2024\/10\/French-TTS-Document-1.pdf\" target=\"_blank\" rel=\"noopener\">INVITATION \u00c0 PROPOSER DES ID\u00c9ES D\u2019INNOVATION POUR UN FINANCEMENT DE TRANSITION \u00c0 L\u2019\u00c9CHELLE (PDF)<\/a><\/li>\n<li><a href=\"https:\/\/humanitariangrandchallenge.org\/fr\/tts-faq\/\">TRANSITION \u00c0 L\u2019\u00c9CHELLE: FOIRE AUX QUESTIONS (FAQ)<\/a><\/li>\n<\/ol>\n<hr \/>\n<p class=\"p-pdf_iframe__page\" aria-label=\"Page 2\" data-page-number=\"2\"><strong>Cr\u00e9er l\u2019espoir dans les zones en conflit\u00a0: un Grand D\u00e9fi humanitaire\u00a0<\/strong>est un partenariat conclu entre L\u2019Agence des \u00c9tats-Unis pour le d\u00e9veloppement international (USAID), le Foreign, Commonwealth &amp; Development Office du Royaume-Uni (FCDO), le minist\u00e8re des Affaires \u00e9trang\u00e8res des Pays-Bas, et Affaires mondiales Canada, avec le soutien de Grands D\u00e9fis Canada.<\/p>\n<div>\n<h4 style=\"text-align: center;\"><\/h4>\n<\/div>\n\n\t\t<\/div>\n\n\t\t\n\t\t\t\n\t\t\n\t<\/div>\n\n<\/section>\n","protected":false},"excerpt":{"rendered":"","protected":false},"author":3,"featured_media":0,"parent":0,"menu_order":0,"comment_status":"closed","ping_status":"closed","template":"","meta":{"footnotes":""},"class_list":["post-3002","page","type-page","status-publish","hentry"],"yoast_head":"<!-- This site is optimized with the Yoast SEO plugin v14.1 - https:\/\/yoast.com\/wordpress\/plugins\/seo\/ -->\n<meta name=\"robots\" content=\"index, follow\" \/>\n<meta name=\"googlebot\" content=\"index, follow, max-snippet:-1, max-image-preview:large, max-video-preview:-1\" \/>\n<meta name=\"bingbot\" content=\"index, follow, max-snippet:-1, max-image-preview:large, max-video-preview:-1\" \/>\n<link rel=\"canonical\" href=\"https:\/\/humanitariangrandchallenge.org\/fr\/tts\/\" \/>\n<meta property=\"og:locale\" content=\"fr_FR\" \/>\n<meta property=\"og:type\" content=\"article\" \/>\n<meta property=\"og:title\" content=\"Transition \u00c0 L\u2019\u00e9chelle - Creating Hope in Conflict\" \/>\n<meta property=\"og:url\" content=\"https:\/\/humanitariangrandchallenge.org\/fr\/tts\/\" \/>\n<meta property=\"og:site_name\" content=\"Creating Hope in Conflict\" \/>\n<meta property=\"article:modified_time\" content=\"2024-10-10T15:06:15+00:00\" \/>\n<meta name=\"twitter:card\" content=\"summary_large_image\" \/>\n<script type=\"application\/ld+json\" class=\"yoast-schema-graph\">{\"@context\":\"https:\/\/schema.org\",\"@graph\":[{\"@type\":\"WebSite\",\"@id\":\"https:\/\/humanitariangrandchallenge.org\/fr\/#website\",\"url\":\"https:\/\/humanitariangrandchallenge.org\/fr\/\",\"name\":\"Creating Hope in Conflict\",\"description\":\"Humanitarian Grand Challenge\",\"potentialAction\":[{\"@type\":\"SearchAction\",\"target\":\"https:\/\/humanitariangrandchallenge.org\/fr\/?s={search_term_string}\",\"query-input\":\"required name=search_term_string\"}],\"inLanguage\":\"fr-FR\"},{\"@type\":\"WebPage\",\"@id\":\"https:\/\/humanitariangrandchallenge.org\/fr\/tts\/#webpage\",\"url\":\"https:\/\/humanitariangrandchallenge.org\/fr\/tts\/\",\"name\":\"Transition \\u00c0 L\\u2019\\u00e9chelle - Creating Hope in Conflict\",\"isPartOf\":{\"@id\":\"https:\/\/humanitariangrandchallenge.org\/fr\/#website\"},\"datePublished\":\"2023-10-17T21:17:32+00:00\",\"dateModified\":\"2024-10-10T15:06:15+00:00\",\"inLanguage\":\"fr-FR\",\"potentialAction\":[{\"@type\":\"ReadAction\",\"target\":[\"https:\/\/humanitariangrandchallenge.org\/fr\/tts\/\"]}]}]}<\/script>\n<!-- \/ Yoast SEO plugin. -->","jetpack_shortlink":"https:\/\/wp.me\/PaQLG0-Mq","_links":{"self":[{"href":"https:\/\/humanitariangrandchallenge.org\/fr\/wp-json\/wp\/v2\/pages\/3002","targetHints":{"allow":["GET"]}}],"collection":[{"href":"https:\/\/humanitariangrandchallenge.org\/fr\/wp-json\/wp\/v2\/pages"}],"about":[{"href":"https:\/\/humanitariangrandchallenge.org\/fr\/wp-json\/wp\/v2\/types\/page"}],"author":[{"embeddable":true,"href":"https:\/\/humanitariangrandchallenge.org\/fr\/wp-json\/wp\/v2\/users\/3"}],"replies":[{"embeddable":true,"href":"https:\/\/humanitariangrandchallenge.org\/fr\/wp-json\/wp\/v2\/comments?post=3002"}],"version-history":[{"count":0,"href":"https:\/\/humanitariangrandchallenge.org\/fr\/wp-json\/wp\/v2\/pages\/3002\/revisions"}],"wp:attachment":[{"href":"https:\/\/humanitariangrandchallenge.org\/fr\/wp-json\/wp\/v2\/media?parent=3002"}],"curies":[{"name":"wp","href":"https:\/\/api.w.org\/{rel}","templated":true}]}}